{"id":130,"date":"2015-07-08T07:50:30","date_gmt":"2015-07-08T07:50:30","guid":{"rendered":"http:\/\/www.tabicelsa.com\/?page_id=130"},"modified":"2015-07-08T07:52:17","modified_gmt":"2015-07-08T07:52:17","slug":"aviso-legal","status":"publish","type":"page","link":"https:\/\/www.tabicelsa.com\/?page_id=130","title":{"rendered":"AVISO LEGAL"},"content":{"rendered":"<p style=\"text-align: left;\"><em><strong>I.- Objeto<\/strong><\/em><\/p>\n<p><em><strong>Estas condiciones generales (en adelante las \u00abCondiciones Generales\u00bb) regulan el uso de todos los servicios del portal www.tabicelsa.com (en adelante \u00abPortal\u00bb) que la compa\u00f1\u00eda Tabicelsa, S.L. (en adelante TABICELSA) con domicilio en Andador Palacio de Larrinaga n\u00ba6, Local K, en Zaragoza, pone a disposici\u00f3n de los usuarios de Internet. Por la mera utilizaci\u00f3n del Portal, el usuario, expresa la plena aceptaci\u00f3n, sin reservas, de las mismas, las cuales podr\u00e1n ser modificadas por TABICELSA en cualquier momento. Los usuarios se ven, asimismo, sometidos a todas aquellas condiciones particulares, avisos o reglamentos de instrucciones que se pongan en su conocimiento en relaci\u00f3n con contenidos o servicios concretos, que completen lo previsto en estas Condiciones Generales en cuanto no se opongan a ellas.<\/strong><\/em><\/p>\n<p><em><strong>II.- Exclusi\u00f3n de responsabilidad por el funcionamiento del portal y sus servicios<\/strong><\/em><\/p>\n<p><em><strong>TABICELSA no garantiza la disponibilidad y continuidad del funcionamiento del Portal, de sus servicios y sus contenidos; si fuera razonablemente posible, TABICELSA avisar\u00e1 previamente de las interrupciones en el funcionamiento de los mismos. TABICELSA no es responsable por los da\u00f1os o perjuicios de cualquier naturaleza que puedan deberse a la falta de disponibilidad o de continuidad del Portal o de cualquiera de sus servicios, o por los fallos en el acceso a las distintas p\u00e1ginas web del Portal o aquellas desde las que se prestan determinados servicios.<\/strong><\/em><\/p>\n<p><em><strong>III.- Exclusi\u00f3n de responsabilidad sobre la informaci\u00f3n gr\u00e1fica disponible en el portal<\/strong><\/em><\/p>\n<p><em><strong>Toda la documentaci\u00f3n gr\u00e1fica incluida en esta p\u00e1gina Web es meramente orientativa.<\/strong><\/em><\/p>\n<p><em><strong>IV.- Utilizaci\u00f3n del Portal y los servicios por los usuarios<\/strong><\/em><\/p>\n<p><em><strong>El usuario se compromete a hacer un uso l\u00edcito y conforme a la buena fe, del Portal, sus servicios y contenidos siendo el usuario \u00fanico responsable del uso que pueda hacer de los mismos. Salvo que haya obtenido previa y expresa autorizaci\u00f3n espec\u00edficamente otorgada al efecto por parte de TABICELSA, el usuario se abstendr\u00e1 de obtener o intentar obtener cualquier tipo de contenidos, ya sean textos, gr\u00e1ficos, dibujos, archivos de sonido, im\u00e1genes o fotograf\u00edas, v\u00eddeos, software y en general cualquier clase de material accesible a trav\u00e9s del Portal o los servicios, empleando para ello medios distintos de los que se hayan puesto a su disposici\u00f3n a este efecto o de los que se empleen habitualmente a este efecto en Internet.<\/strong><\/em><\/p>\n<p><em><strong>V.- Exclusi\u00f3n de responsabilidad de los contenidos de Terceros<\/strong><\/em><\/p>\n<p><em><strong>TABICELSA no es en ning\u00fan caso responsable, ni de forma directa ni subsidiaria, por ning\u00fan contenido, informaci\u00f3n, comunicaci\u00f3n, opini\u00f3n o manifestaci\u00f3n de cualquier tipo que tenga su origen en el usuario o cualquier tercera persona o entidad y que se comunique, difunda, transmita o exhiba a trav\u00e9s de los servicios del Portal.<\/strong><\/em><\/p>\n<p><em><strong>VI.- Exclusi\u00f3n de responsabilidad por los contenidos y servicios prestados por Terceros<\/strong><\/em><\/p>\n<p><em><strong>El Portal pone a disposici\u00f3n de los usuarios dispositivos t\u00e9cnicos de enlaces, ya sean links, directorios o herramientas de b\u00fasqueda, los cuales permiten el acceso a p\u00e1ginas web o sites que son gestionados por terceros. TABICELSA no ejerce ninguna titularidad sobre los mismos, y no comercializa ni ofrece los contenidos y servicios que contienen, por lo tanto no asume ninguna responsabilidad ni directa ni subsidiaria sobre dichas p\u00e1ginas web o sites.<\/strong><\/em><\/p>\n<p><em><strong>VII.- Propiedad Intelectual e Industrial<\/strong><\/em><\/p>\n<p><em><strong>Todos los contenidos as\u00ed como nombres, logos, marcas y bases de datos accesibles en las p\u00e1ginas web del Portal est\u00e1n sujetos a derechos de propiedad industrial e intelectual de la TABICELSA o de terceros titulares de los mismos. En ning\u00fan caso el acceso a las p\u00e1ginas web del Portal implica ning\u00fan tipo de renuncia, transmisi\u00f3n o cesi\u00f3n total o parcial de los mencionados derechos, ni confiere ning\u00fan derecho de utilizaci\u00f3n, alteraci\u00f3n, explotaci\u00f3n, reproducci\u00f3n, distribuci\u00f3n o comunicaci\u00f3n p\u00fablica sobre los contenidos o bienes de propiedad industrial sin la previa y expresa autorizaci\u00f3n espec\u00edficamente otorgada a tal efecto por parte de TABICELSA o del tercero titular de los derechos, salvo los derechos de visualizar y de realizar copias para uso personal y exclusivo del usuario, los cuales deber\u00e1n ejercerse siempre conforme a los principios de la buena fe y la legislaci\u00f3n aplicable.<\/strong><\/em><\/p>\n<p><em><strong>VIII.- Privacidad y Protecci\u00f3n de Datos<\/strong><\/em><\/p>\n<p><em><strong>El tratamiento de los datos de car\u00e1cter personal que se realice a trav\u00e9s de este Portal se ajustar\u00e1 a lo establecido por la Ley Org\u00e1nica 15\/1999, de Protecci\u00f3n de Datos de Car\u00e1cter Personal.<\/strong><\/em><\/p>\n<p><em><strong>De acuerdo con la citada Ley Org\u00e1nica 15\/1999, informamos a los usuarios que los datos que libre y voluntariamente nos proporcionen van a ser incluidos en ficheros de titularidad de TABICELSA con domicilio en Andador Palacio de Larrinaga n\u00ba6, Local K, 50013 Zaragoza, que es la destinataria de la informaci\u00f3n facilitada. La finalidad de los ficheros que se formen, ser\u00e1 la que se especifique en cada uno de los avisos de confidencialidad incluidos en los apartados de este site, que permiten el env\u00edo de datos personales.<\/strong><\/em><\/p>\n<p><em><strong>El ejercicio de los derechos de acceso, rectificaci\u00f3n, cancelaci\u00f3n y oposici\u00f3n los podr\u00e1n llevar a cabo los usuarios, en los t\u00e9rminos legales mediante comunicaci\u00f3n a TABICELSA a la direcci\u00f3n antes mencionada, indicando a la atenci\u00f3n de Direcci\u00f3n General de Medios-Seguridad Inform\u00e1tica o a trav\u00e9s del correo electr\u00f3nico tabiquesprefabricados@tabicelsa.com<\/strong><\/em><\/p>\n<p><em><strong>TABICELSA, S.L. ha adoptado los niveles de seguridad de protecci\u00f3n de Datos Personales legalmente requeridos, y ha instalado todos los medios y medidas t\u00e9cnicas y organizativas a su alcance para evitar la p\u00e9rdida, mal uso, alteraci\u00f3n, acceso no autorizado y robo de los datos, cuyo secreto y confidencialidad garantiza.<\/strong><\/em><\/p>\n<p><em><strong>IX.- Datos Registrales<\/strong><\/em><\/p>\n<p><em><strong>Seg\u00fan establece la Ley 34\/2002 de 11 de julio sobre los servicios de la Sociedad de la Informaci\u00f3n y de comercio electr\u00f3nico, adjunto se presentan los datos registrales de TABICELSA:<\/strong><\/em><\/p>\n<p><em><strong>Tabicelsa, S.L.<\/strong><\/em><\/p>\n<p><em><strong>Andador Palacio de Larrinaga n\u00ba6, Local K, 50013 Zaragoza<\/strong><\/em><\/p>\n<p><em><strong>CIF B50996529<\/strong><\/em><\/p>\n<p><em><strong>Inscrito en el Registro Mercantil de Zaragoza Tomo 3027, Folio 1 Hoja Z-35048, Inscripci\u00f3n Primera.<\/strong><\/em><\/p>\n<p><em><strong>X.- Ley Aplicable<\/strong><\/em><\/p>\n<p><em><strong>Estas Condiciones Generales se rigen por la ley espa\u00f1ola.<\/strong><\/em><\/p>\n","protected":false},"excerpt":{"rendered":"<p>I.- Objeto Estas condiciones generales (en adelante las \u00abCondiciones Generales\u00bb) regulan el uso de todos los servicios del portal www.tabicelsa.com (en adelante \u00abPortal\u00bb) que la compa\u00f1\u00eda Tabicelsa, S.L. (en adelante TABICELSA) con domicilio en Andador Palacio de Larrinaga n\u00ba6, Local K, en Zaragoza, pone a disposici\u00f3n de los usuarios de Internet. Por la mera utilizaci\u00f3n [&hellip;]<\/p>\n","protected":false},"author":1,"featured_media":0,"parent":0,"menu_order":5,"comment_status":"open","ping_status":"open","template":"","meta":{"footnotes":""},"jetpack_sharing_enabled":false,"jetpack_shortlink":"https:\/\/wp.me\/P6nIwr-26","_links":{"self":[{"href":"https:\/\/www.tabicelsa.com\/index.php?rest_route=\/wp\/v2\/pages\/130"}],"collection":[{"href":"https:\/\/www.tabicelsa.com\/index.php?rest_route=\/wp\/v2\/pages"}],"about":[{"href":"https:\/\/www.tabicelsa.com\/index.php?rest_route=\/wp\/v2\/types\/page"}],"author":[{"embeddable":true,"href":"https:\/\/www.tabicelsa.com\/index.php?rest_route=\/wp\/v2\/users\/1"}],"replies":[{"embeddable":true,"href":"https:\/\/www.tabicelsa.com\/index.php?rest_route=%2Fwp%2Fv2%2Fcomments&post=130"}],"version-history":[{"count":2,"href":"https:\/\/www.tabicelsa.com\/index.php?rest_route=\/wp\/v2\/pages\/130\/revisions"}],"predecessor-version":[{"id":132,"href":"https:\/\/www.tabicelsa.com\/index.php?rest_route=\/wp\/v2\/pages\/130\/revisions\/132"}],"wp:attachment":[{"href":"https:\/\/www.tabicelsa.com\/index.php?rest_route=%2Fwp%2Fv2%2Fmedia&parent=130"}],"curies":[{"name":"wp","href":"https:\/\/api.w.org\/{rel}","templated":true}]}}