{"id":366,"date":"2018-05-24T13:29:58","date_gmt":"2018-05-24T13:29:58","guid":{"rendered":"http:\/\/www.tabicelsa.com\/?page_id=366"},"modified":"2018-05-25T07:03:20","modified_gmt":"2018-05-25T07:03:20","slug":"proteccion-de-datos","status":"publish","type":"page","link":"https:\/\/www.tabicelsa.com\/?page_id=366","title":{"rendered":"Protecci\u00f3n de Datos"},"content":{"rendered":"<p style=\"text-align: center;\"><strong>Informaci\u00f3<\/strong><strong>n b\u00e1sica RGPD (Reglamento General de Protecci\u00f3n de Datos)<\/strong><\/p>\n<p>Responsable: <strong>Tabicelsa, S.L.<\/strong><\/p>\n<p>Finalidad: <strong>Datos de contacto y facturaci\u00f3n para la contrataci\u00f3n y realizaci\u00f3n de obras<\/strong><\/p>\n<p>Legitimaci\u00f3n: <strong>Consentimiento del interesado<\/strong><\/p>\n<p>Destinatarios: <strong>Se ceden datos a personas o entidades directamente relacionadas.<\/strong><\/p>\n<p>Derechos:<strong> Acceso, rectificaci\u00f3n, cancelaci\u00f3n, oposici\u00f3n, supresi\u00f3n y portabilidad de sus datos.<\/strong><\/p>\n<p>Informaci\u00f3n adicional: Esta empresa cumple todo el reglamento relativo a protecci\u00f3n de datos de car\u00e1cter personal y se asegurar\u00e1 de que sus datos est\u00e9n protegidos en todo momento y no puedan ser cedidos a personas o entidades, ajenas a \u00e9l, si su previo consentimiento.<\/p>\n<p>As\u00ed mismo le aseguramos que los datos facilitados solo ser\u00e1n usados para los fines que nos ha solicitado.<\/p>\n<p>Para ejercitar dichos derechos debe dirigirse a:<\/p>\n<p>Tabicelsa, S.L. C\/ Andador Palacio Larrinaga, N\u00ba 6, Local K. 50013, Zaragoza.<\/p>\n<p>Deber\u00e1 presentar su DNI o documento de identificaci\u00f3n equivalente y solicitando el formulario que poseemos para dicha solicitud.<\/p>\n<p>Los datos personales proporcionados se conservar\u00e1n mientras se mantenga la relaci\u00f3n mercantil o hasta que no se solicite su supresi\u00f3n por parte del interesado.<\/p>\n<p>Puede consultar m\u00e1s informaci\u00f3n o presentar una reclamaci\u00f3n sobre sus derechos, a trav\u00e9s de la Agencia Espa\u00f1ola de Protecci\u00f3n de datos (<a href=\"http:\/\/www.agpd.es\/\">www.agpd.es<\/a>)<\/p>\n","protected":false},"excerpt":{"rendered":"<p>Informaci\u00f3n b\u00e1sica RGPD (Reglamento General de Protecci\u00f3n de Datos) Responsable: Tabicelsa, S.L. Finalidad: Datos de contacto y facturaci\u00f3n para la contrataci\u00f3n y realizaci\u00f3n de obras Legitimaci\u00f3n: Consentimiento del interesado Destinatarios: Se ceden datos a personas o entidades directamente relacionadas. Derechos: Acceso, rectificaci\u00f3n, cancelaci\u00f3n, oposici\u00f3n, supresi\u00f3n y portabilidad de sus datos. Informaci\u00f3n adicional: Esta empresa cumple [&hellip;]<\/p>\n","protected":false},"author":1,"featured_media":0,"parent":0,"menu_order":6,"comment_status":"closed","ping_status":"closed","template":"","meta":{"footnotes":""},"jetpack_sharing_enabled":true,"jetpack_shortlink":"https:\/\/wp.me\/P6nIwr-5U","_links":{"self":[{"href":"https:\/\/www.tabicelsa.com\/index.php?rest_route=\/wp\/v2\/pages\/366"}],"collection":[{"href":"https:\/\/www.tabicelsa.com\/index.php?rest_route=\/wp\/v2\/pages"}],"about":[{"href":"https:\/\/www.tabicelsa.com\/index.php?rest_route=\/wp\/v2\/types\/page"}],"author":[{"embeddable":true,"href":"https:\/\/www.tabicelsa.com\/index.php?rest_route=\/wp\/v2\/users\/1"}],"replies":[{"embeddable":true,"href":"https:\/\/www.tabicelsa.com\/index.php?rest_route=%2Fwp%2Fv2%2Fcomments&post=366"}],"version-history":[{"count":4,"href":"https:\/\/www.tabicelsa.com\/index.php?rest_route=\/wp\/v2\/pages\/366\/revisions"}],"predecessor-version":[{"id":384,"href":"https:\/\/www.tabicelsa.com\/index.php?rest_route=\/wp\/v2\/pages\/366\/revisions\/384"}],"wp:attachment":[{"href":"https:\/\/www.tabicelsa.com\/index.php?rest_route=%2Fwp%2Fv2%2Fmedia&parent=366"}],"curies":[{"name":"wp","href":"https:\/\/api.w.org\/{rel}","templated":true}]}}