{"id":42,"date":"2015-06-23T21:06:39","date_gmt":"2015-06-23T21:06:39","guid":{"rendered":"http:\/\/www.tabicelsa.com\/?page_id=42"},"modified":"2015-06-23T21:43:15","modified_gmt":"2015-06-23T21:43:15","slug":"recursos-humanos","status":"publish","type":"page","link":"https:\/\/www.tabicelsa.com\/?page_id=42","title":{"rendered":"RECURSOS HUMANOS"},"content":{"rendered":"<p style=\"text-align: justify;\"><em><strong>TABICELSA, S.L. es consciente de que el mayor activo de una empresa es el personal que la constituye, por consiguiente, tiene la tarea principal de buscar y obtener personal altamente cualificado para dar el mejor y m\u00e1s eficiente servicio a nuestros clientes.<\/strong><\/em><\/p>\n<p style=\"text-align: justify;\"><em><strong>Porque creemos en nuestro capital humano, consideramos que la profesionalidad, compromiso, aptitud y actitud son los valores fundamentales que permitir\u00e1n desempe\u00f1ar el trabajo con \u00e9xito.<\/strong><\/em><\/p>\n<p style=\"text-align: justify;\"><em><strong>Desde TABICELSA, S.L. queremos ofrecerte la posibilidad de incorporarte a nuestro equipo de profesionales por lo que te animamos a hacernos llegar tu curr\u00edculum.<\/strong><\/em><\/p>\n","protected":false},"excerpt":{"rendered":"<p>TABICELSA, S.L. es consciente de que el mayor activo de una empresa es el personal que la constituye, por consiguiente, tiene la tarea principal de buscar y obtener personal altamente cualificado para dar el mejor y m\u00e1s eficiente servicio a nuestros clientes. Porque creemos en nuestro capital humano, consideramos que la profesionalidad, compromiso, aptitud y [&hellip;]<\/p>\n","protected":false},"author":1,"featured_media":0,"parent":0,"menu_order":2,"comment_status":"closed","ping_status":"closed","template":"","meta":{"footnotes":""},"jetpack_sharing_enabled":true,"jetpack_shortlink":"https:\/\/wp.me\/P6nIwr-G","_links":{"self":[{"href":"https:\/\/www.tabicelsa.com\/index.php?rest_route=\/wp\/v2\/pages\/42"}],"collection":[{"href":"https:\/\/www.tabicelsa.com\/index.php?rest_route=\/wp\/v2\/pages"}],"about":[{"href":"https:\/\/www.tabicelsa.com\/index.php?rest_route=\/wp\/v2\/types\/page"}],"author":[{"embeddable":true,"href":"https:\/\/www.tabicelsa.com\/index.php?rest_route=\/wp\/v2\/users\/1"}],"replies":[{"embeddable":true,"href":"https:\/\/www.tabicelsa.com\/index.php?rest_route=%2Fwp%2Fv2%2Fcomments&post=42"}],"version-history":[{"count":3,"href":"https:\/\/www.tabicelsa.com\/index.php?rest_route=\/wp\/v2\/pages\/42\/revisions"}],"predecessor-version":[{"id":75,"href":"https:\/\/www.tabicelsa.com\/index.php?rest_route=\/wp\/v2\/pages\/42\/revisions\/75"}],"wp:attachment":[{"href":"https:\/\/www.tabicelsa.com\/index.php?rest_route=%2Fwp%2Fv2%2Fmedia&parent=42"}],"curies":[{"name":"wp","href":"https:\/\/api.w.org\/{rel}","templated":true}]}}