{"id":46,"date":"2015-06-23T21:04:41","date_gmt":"2015-06-23T21:04:41","guid":{"rendered":"http:\/\/www.tabicelsa.com\/?page_id=46"},"modified":"2018-05-25T06:27:41","modified_gmt":"2018-05-25T06:27:41","slug":"contacto","status":"publish","type":"page","link":"https:\/\/www.tabicelsa.com\/?page_id=46","title":{"rendered":"CONTACTO"},"content":{"rendered":"<div data-test='contact-form' id='contact-form-46' class='wp-block-jetpack-contact-form-container '>\n<form action='https:\/\/www.tabicelsa.com\/?page_id=46#contact-form-46' method='post' class='contact-form commentsblock' aria-label=\"CONTACTO\" novalidate>\n\n<div style=\"\" class='grunion-field-name-wrap grunion-field-wrap'  >\n<label\n\t\t\t\tfor='g46-nombre'\n\t\t\t\tclass='grunion-field-label name'>Nombre<span class=\"grunion-label-required\" aria-hidden=\"true\">(obligatorio)<\/span><\/label>\n<input\n\t\t\t\t\ttype='text'\n\t\t\t\t\tname='g46-nombre'\n\t\t\t\t\tid='g46-nombre'\n\t\t\t\t\tvalue=''\n\t\t\t\t\tclass='name  grunion-field' \n\t\t\t\t\trequired aria-required='true' \/>\n\t<\/div>\n\n<div style=\"\" class='grunion-field-email-wrap grunion-field-wrap'  >\n<label\n\t\t\t\tfor='g46-correoelectrnico'\n\t\t\t\tclass='grunion-field-label email'>Correo electr\u00f3nico<span class=\"grunion-label-required\" aria-hidden=\"true\">(obligatorio)<\/span><\/label>\n<input\n\t\t\t\t\ttype='email'\n\t\t\t\t\tname='g46-correoelectrnico'\n\t\t\t\t\tid='g46-correoelectrnico'\n\t\t\t\t\tvalue=''\n\t\t\t\t\tclass='email  grunion-field' \n\t\t\t\t\trequired aria-required='true' \/>\n\t<\/div>\n\n<div style=\"\" class='grunion-field-text-wrap grunion-field-wrap'  >\n<label\n\t\t\t\tfor='g46-telfono'\n\t\t\t\tclass='grunion-field-label text'>Tel\u00e9fono<\/label>\n<input\n\t\t\t\t\ttype='text'\n\t\t\t\t\tname='g46-telfono'\n\t\t\t\t\tid='g46-telfono'\n\t\t\t\t\tvalue=''\n\t\t\t\t\tclass='text  grunion-field' \n\t\t\t\t\t \/>\n\t<\/div>\n\n<div style=\"\" class='grunion-field-checkbox-wrap grunion-field-wrap'  >\n<div class='contact-form__checkbox-wrap'><input id='g46-consentimientoparacomunicacionesinformacinserviciosnoticiasetc' type='checkbox' name='g46-consentimientoparacomunicacionesinformacinserviciosnoticiasetc' value='S\u00ed' class='checkbox  grunion-field'  \/> \n<label for='g46-consentimientoparacomunicacionesinformacinserviciosnoticiasetc' class='grunion-field-label checkbox' style=''>Consentimiento para comunicaciones, informaci\u00f3n,servicios, noticias, etc...<\/label>\n<div class='clear-form'><\/div>\n<\/div>\t<\/div>\n\n<div style=\"\" class='grunion-field-textarea-wrap grunion-field-wrap'  >\n<label\n\t\t\t\tfor='contact-form-comment-g46-comentario'\n\t\t\t\tclass='grunion-field-label textarea'>Comentario<span class=\"grunion-label-required\" aria-hidden=\"true\">(obligatorio)<\/span><\/label>\n<textarea\n\t\t                style=''\n\t\t                name='g46-comentario'\n\t\t                id='contact-form-comment-g46-comentario'\n\t\t                rows='20' class='textarea  grunion-field'  required aria-required='true'><\/textarea>\n\t<\/div>\n\t<p class='contact-submit'>\n\t\t<button type='submit' class='pushbutton-wide'>Enviar<\/button>\t\t<input type='hidden' name='contact-form-id' value='46' \/>\n\t\t<input type='hidden' name='action' value='grunion-contact-form' \/>\n\t\t<input type='hidden' name='contact-form-hash' value='a2b370486c73496e41cca22a5540d2e9a52beb2f' \/>\n\t<\/p>\n<\/form>\n<\/div>\n<p>De conformidad con lo dispuesto en el Reglamento (UE) 2016\/679 de 27 de abril de 2016 (GDPR), le informamos que los datos personales y direcci\u00f3n de correo electr\u00f3nico, recabados del propio interesado o de fuentes p\u00fablicas, son tratados bajo la responsabilidad de\u00a0TABICELSA, S.L.\u00a0para la prestaci\u00f3n de servicios y se conservar\u00e1n mientras exista un inter\u00e9s mutuo para ello. Los datos no ser\u00e1n comunicados a terceros, salvo obligaci\u00f3n legal. Le informamos que puede ejercer los derechos de acceso, rectificaci\u00f3n, portabilidad y supresi\u00f3n de sus datos y los de limitaci\u00f3n y oposici\u00f3n a su tratamiento dirigi\u00e9ndose a la direcci\u00f3n\u00a0indicada en el apartado de <a href=\"https:\/\/www.tabicelsa.com\/?page_id=366\" target=\"_blank\" rel=\"noopener\">PROTECCI\u00d3N DE DATOS<\/a>.<\/p>\n","protected":false},"excerpt":{"rendered":"<p>De conformidad con lo dispuesto en el Reglamento (UE) 2016\/679 de 27 de abril de 2016 (GDPR), le informamos que los datos personales y direcci\u00f3n de correo electr\u00f3nico, recabados del propio interesado o de fuentes p\u00fablicas, son tratados bajo la responsabilidad de\u00a0TABICELSA, S.L.\u00a0para la prestaci\u00f3n de servicios y se conservar\u00e1n mientras exista un inter\u00e9s mutuo [&hellip;]<\/p>\n","protected":false},"author":1,"featured_media":0,"parent":0,"menu_order":4,"comment_status":"closed","ping_status":"closed","template":"","meta":{"footnotes":""},"jetpack_sharing_enabled":true,"jetpack_shortlink":"https:\/\/wp.me\/P6nIwr-K","_links":{"self":[{"href":"https:\/\/www.tabicelsa.com\/index.php?rest_route=\/wp\/v2\/pages\/46"}],"collection":[{"href":"https:\/\/www.tabicelsa.com\/index.php?rest_route=\/wp\/v2\/pages"}],"about":[{"href":"https:\/\/www.tabicelsa.com\/index.php?rest_route=\/wp\/v2\/types\/page"}],"author":[{"embeddable":true,"href":"https:\/\/www.tabicelsa.com\/index.php?rest_route=\/wp\/v2\/users\/1"}],"replies":[{"embeddable":true,"href":"https:\/\/www.tabicelsa.com\/index.php?rest_route=%2Fwp%2Fv2%2Fcomments&post=46"}],"version-history":[{"count":8,"href":"https:\/\/www.tabicelsa.com\/index.php?rest_route=\/wp\/v2\/pages\/46\/revisions"}],"predecessor-version":[{"id":374,"href":"https:\/\/www.tabicelsa.com\/index.php?rest_route=\/wp\/v2\/pages\/46\/revisions\/374"}],"wp:attachment":[{"href":"https:\/\/www.tabicelsa.com\/index.php?rest_route=%2Fwp%2Fv2%2Fmedia&parent=46"}],"curies":[{"name":"wp","href":"https:\/\/api.w.org\/{rel}","templated":true}]}}