{"id":82,"date":"2015-06-23T21:51:37","date_gmt":"2015-06-23T21:51:37","guid":{"rendered":"http:\/\/www.tabicelsa.com\/?page_id=82"},"modified":"2024-01-24T06:54:47","modified_gmt":"2024-01-24T06:54:47","slug":"aislantes","status":"publish","type":"page","link":"https:\/\/www.tabicelsa.com\/?page_id=82","title":{"rendered":"AISLAMIENTOS y SISTEMA ECOSEC FACHADAS"},"content":{"rendered":"\n<p class=\"navTextNoSel\"><em><strong> AISLAMIENTOS<\/strong><\/em><\/p>\n\n\n\n<figure class=\"wp-block-gallery has-nested-images columns-default is-cropped wp-block-gallery-1 is-layout-flex wp-block-gallery-is-layout-flex\">\n<figure class=\"wp-block-image size-large\"><a href=\"http:\/\/www.tabicelsa.com\/wp-content\/uploads\/2024\/01\/Empresa-Instaladora-Homologada-Sistema-ECOSEC-Fachadas.pdf\"><img loading=\"lazy\" decoding=\"async\" width=\"625\" height=\"884\" data-id=\"1219\" src=\"https:\/\/i0.wp.com\/www.tabicelsa.com\/wp-content\/uploads\/2024\/01\/Empresa-Instaladora-Homologada-Sistema-ECOSEC-Fachadas-pdf.jpg?resize=625%2C884\" alt=\"\" class=\"wp-image-1219\" data-recalc-dims=\"1\"\/><\/a><\/figure>\n<\/figure>\n\n\n\n<p class=\"detailText\"><em><strong>&nbsp;&nbsp;&nbsp;&nbsp;&nbsp;TABICELSA completa sus \u00e1reas de actuaci\u00f3n, con el suministro y colocaci\u00f3n de aislamientos en tabiques de doble hoja y Sistema Ecosec Fachadas.<\/strong><\/em><\/p>\n\n\n\n<p>&nbsp;<a href=\"http:\/\/www.tabicelsa.com\/wp-content\/uploads\/2018\/09\/Ecosec-TABICELSA-18022018.pdf\">Empresa Instaladora Homologada Sistema ECOSEC&nbsp;Fachadas<\/a><\/p>\n\n\n<div class=\"wp-block-image\">\n<figure class=\"aligncenter\"><img loading=\"lazy\" decoding=\"async\" width=\"625\" height=\"833\" src=\"https:\/\/i0.wp.com\/www.tabicelsa.com\/wp-content\/uploads\/2015\/06\/IMG-20170125-WA0009.jpg?resize=625%2C833\" alt=\"\" class=\"wp-image-246\" srcset=\"https:\/\/i0.wp.com\/www.tabicelsa.com\/wp-content\/uploads\/2015\/06\/IMG-20170125-WA0009.jpg?w=1200&amp;ssl=1 1200w, https:\/\/i0.wp.com\/www.tabicelsa.com\/wp-content\/uploads\/2015\/06\/IMG-20170125-WA0009.jpg?resize=225%2C300&amp;ssl=1 225w, https:\/\/i0.wp.com\/www.tabicelsa.com\/wp-content\/uploads\/2015\/06\/IMG-20170125-WA0009.jpg?resize=768%2C1024&amp;ssl=1 768w, https:\/\/i0.wp.com\/www.tabicelsa.com\/wp-content\/uploads\/2015\/06\/IMG-20170125-WA0009.jpg?resize=624%2C832&amp;ssl=1 624w\" sizes=\"(max-width: 625px) 100vw, 625px\" data-recalc-dims=\"1\" \/><\/figure><\/div>\n\n\n<p class=\"has-text-align-center navTextNoSel\"><em><strong><\/strong><\/em><\/p>\n\n\n<div class=\"wp-block-image\">\n<figure class=\"aligncenter\"><img decoding=\"async\" src=\"https:\/\/i0.wp.com\/www.tabicelsa.com\/wp-content\/uploads\/2015\/06\/IMG-20170125-WA0001.jpg?w=625\" alt=\"\" class=\"wp-image-247\" data-recalc-dims=\"1\"\/><\/figure><\/div>\n\n<div class=\"wp-block-image\">\n<figure class=\"aligncenter\"><img loading=\"lazy\" decoding=\"async\" width=\"625\" height=\"469\" src=\"https:\/\/i0.wp.com\/www.tabicelsa.com\/wp-content\/uploads\/2015\/06\/IMG-20170125-WA0013.jpg?resize=625%2C469\" alt=\"\" class=\"wp-image-244\" srcset=\"https:\/\/i0.wp.com\/www.tabicelsa.com\/wp-content\/uploads\/2015\/06\/IMG-20170125-WA0013.jpg?w=1600&amp;ssl=1 1600w, https:\/\/i0.wp.com\/www.tabicelsa.com\/wp-content\/uploads\/2015\/06\/IMG-20170125-WA0013.jpg?resize=300%2C225&amp;ssl=1 300w, https:\/\/i0.wp.com\/www.tabicelsa.com\/wp-content\/uploads\/2015\/06\/IMG-20170125-WA0013.jpg?resize=768%2C576&amp;ssl=1 768w, https:\/\/i0.wp.com\/www.tabicelsa.com\/wp-content\/uploads\/2015\/06\/IMG-20170125-WA0013.jpg?resize=1024%2C768&amp;ssl=1 1024w, https:\/\/i0.wp.com\/www.tabicelsa.com\/wp-content\/uploads\/2015\/06\/IMG-20170125-WA0013.jpg?resize=624%2C468&amp;ssl=1 624w, https:\/\/i0.wp.com\/www.tabicelsa.com\/wp-content\/uploads\/2015\/06\/IMG-20170125-WA0013.jpg?w=1250 1250w\" sizes=\"(max-width: 625px) 100vw, 625px\" data-recalc-dims=\"1\" \/><\/figure><\/div>\n\n<div class=\"wp-block-image\">\n<figure class=\"aligncenter\"><img loading=\"lazy\" decoding=\"async\" width=\"625\" height=\"469\" src=\"https:\/\/i0.wp.com\/www.tabicelsa.com\/wp-content\/uploads\/2015\/06\/IMG-20170125-WA0010.jpg?resize=625%2C469\" alt=\"\" class=\"wp-image-245\" srcset=\"https:\/\/i0.wp.com\/www.tabicelsa.com\/wp-content\/uploads\/2015\/06\/IMG-20170125-WA0010.jpg?w=1600&amp;ssl=1 1600w, https:\/\/i0.wp.com\/www.tabicelsa.com\/wp-content\/uploads\/2015\/06\/IMG-20170125-WA0010.jpg?resize=300%2C225&amp;ssl=1 300w, https:\/\/i0.wp.com\/www.tabicelsa.com\/wp-content\/uploads\/2015\/06\/IMG-20170125-WA0010.jpg?resize=768%2C576&amp;ssl=1 768w, https:\/\/i0.wp.com\/www.tabicelsa.com\/wp-content\/uploads\/2015\/06\/IMG-20170125-WA0010.jpg?resize=1024%2C768&amp;ssl=1 1024w, https:\/\/i0.wp.com\/www.tabicelsa.com\/wp-content\/uploads\/2015\/06\/IMG-20170125-WA0010.jpg?resize=624%2C468&amp;ssl=1 624w, https:\/\/i0.wp.com\/www.tabicelsa.com\/wp-content\/uploads\/2015\/06\/IMG-20170125-WA0010.jpg?w=1250 1250w\" sizes=\"(max-width: 625px) 100vw, 625px\" data-recalc-dims=\"1\" \/><\/figure><\/div>\n\n\n<p class=\"has-text-align-center navTextNoSel\"><em><strong>  <\/strong><\/em><\/p>\n\n\n\n<figure class=\"wp-block-image\"><img decoding=\"async\" src=\"https:\/\/i0.wp.com\/www.tabicelsa.com\/wp-content\/uploads\/2018\/09\/f2072be5-7a1f-4b8f-80ca-026e038002fe.jpg?w=625\" alt=\"\" data-recalc-dims=\"1\"\/><\/figure>\n\n\n\n<p class=\"has-text-align-center detailText\"><\/p>\n\n\n<div class=\"wp-block-image\">\n<figure class=\"aligncenter\"><img loading=\"lazy\" decoding=\"async\" width=\"625\" height=\"351\" src=\"https:\/\/i0.wp.com\/www.tabicelsa.com\/wp-content\/uploads\/2018\/09\/581217ae-78f4-4da4-9d8f-8311850311be.jpg?resize=625%2C351\" alt=\"\" class=\"wp-image-397\" srcset=\"https:\/\/i0.wp.com\/www.tabicelsa.com\/wp-content\/uploads\/2018\/09\/581217ae-78f4-4da4-9d8f-8311850311be.jpg?w=1599&amp;ssl=1 1599w, https:\/\/i0.wp.com\/www.tabicelsa.com\/wp-content\/uploads\/2018\/09\/581217ae-78f4-4da4-9d8f-8311850311be.jpg?resize=300%2C169&amp;ssl=1 300w, https:\/\/i0.wp.com\/www.tabicelsa.com\/wp-content\/uploads\/2018\/09\/581217ae-78f4-4da4-9d8f-8311850311be.jpg?resize=768%2C432&amp;ssl=1 768w, https:\/\/i0.wp.com\/www.tabicelsa.com\/wp-content\/uploads\/2018\/09\/581217ae-78f4-4da4-9d8f-8311850311be.jpg?resize=1024%2C576&amp;ssl=1 1024w, https:\/\/i0.wp.com\/www.tabicelsa.com\/wp-content\/uploads\/2018\/09\/581217ae-78f4-4da4-9d8f-8311850311be.jpg?resize=624%2C351&amp;ssl=1 624w, https:\/\/i0.wp.com\/www.tabicelsa.com\/wp-content\/uploads\/2018\/09\/581217ae-78f4-4da4-9d8f-8311850311be.jpg?w=1250 1250w\" sizes=\"(max-width: 625px) 100vw, 625px\" data-recalc-dims=\"1\" \/><\/figure><\/div>\n\n\n<p><\/p>\n\n\n\n<figure class=\"wp-block-image size-large\"><a href=\"https:\/\/i0.wp.com\/www.tabicelsa.com\/wp-content\/uploads\/2021\/07\/0c044171-21b7-4758-94a1-36fd7592d516.jpg?ssl=1\"><img loading=\"lazy\" decoding=\"async\" width=\"625\" height=\"469\" src=\"https:\/\/i0.wp.com\/www.tabicelsa.com\/wp-content\/uploads\/2021\/07\/0c044171-21b7-4758-94a1-36fd7592d516-1024x768.jpg?resize=625%2C469&#038;ssl=1\" alt=\"\" class=\"wp-image-784\" srcset=\"https:\/\/i0.wp.com\/www.tabicelsa.com\/wp-content\/uploads\/2021\/07\/0c044171-21b7-4758-94a1-36fd7592d516.jpg?resize=1024%2C768&amp;ssl=1 1024w, https:\/\/i0.wp.com\/www.tabicelsa.com\/wp-content\/uploads\/2021\/07\/0c044171-21b7-4758-94a1-36fd7592d516.jpg?resize=300%2C225&amp;ssl=1 300w, https:\/\/i0.wp.com\/www.tabicelsa.com\/wp-content\/uploads\/2021\/07\/0c044171-21b7-4758-94a1-36fd7592d516.jpg?resize=768%2C576&amp;ssl=1 768w, https:\/\/i0.wp.com\/www.tabicelsa.com\/wp-content\/uploads\/2021\/07\/0c044171-21b7-4758-94a1-36fd7592d516.jpg?resize=1536%2C1152&amp;ssl=1 1536w, https:\/\/i0.wp.com\/www.tabicelsa.com\/wp-content\/uploads\/2021\/07\/0c044171-21b7-4758-94a1-36fd7592d516.jpg?resize=624%2C468&amp;ssl=1 624w, https:\/\/i0.wp.com\/www.tabicelsa.com\/wp-content\/uploads\/2021\/07\/0c044171-21b7-4758-94a1-36fd7592d516.jpg?w=1600&amp;ssl=1 1600w, https:\/\/i0.wp.com\/www.tabicelsa.com\/wp-content\/uploads\/2021\/07\/0c044171-21b7-4758-94a1-36fd7592d516.jpg?w=1250 1250w\" sizes=\"(max-width: 625px) 100vw, 625px\" data-recalc-dims=\"1\" \/><\/a><\/figure>\n\n\n\n<figure class=\"wp-block-image size-large\"><a href=\"https:\/\/i0.wp.com\/www.tabicelsa.com\/wp-content\/uploads\/2021\/07\/a74e363c-1093-4476-b1da-bcfda5515f24.jpg?ssl=1\"><img loading=\"lazy\" decoding=\"async\" width=\"625\" height=\"469\" src=\"https:\/\/i0.wp.com\/www.tabicelsa.com\/wp-content\/uploads\/2021\/07\/a74e363c-1093-4476-b1da-bcfda5515f24-1024x768.jpg?resize=625%2C469&#038;ssl=1\" alt=\"\" class=\"wp-image-785\" srcset=\"https:\/\/i0.wp.com\/www.tabicelsa.com\/wp-content\/uploads\/2021\/07\/a74e363c-1093-4476-b1da-bcfda5515f24.jpg?resize=1024%2C768&amp;ssl=1 1024w, https:\/\/i0.wp.com\/www.tabicelsa.com\/wp-content\/uploads\/2021\/07\/a74e363c-1093-4476-b1da-bcfda5515f24.jpg?resize=300%2C225&amp;ssl=1 300w, https:\/\/i0.wp.com\/www.tabicelsa.com\/wp-content\/uploads\/2021\/07\/a74e363c-1093-4476-b1da-bcfda5515f24.jpg?resize=768%2C576&amp;ssl=1 768w, https:\/\/i0.wp.com\/www.tabicelsa.com\/wp-content\/uploads\/2021\/07\/a74e363c-1093-4476-b1da-bcfda5515f24.jpg?resize=1536%2C1152&amp;ssl=1 1536w, https:\/\/i0.wp.com\/www.tabicelsa.com\/wp-content\/uploads\/2021\/07\/a74e363c-1093-4476-b1da-bcfda5515f24.jpg?resize=624%2C468&amp;ssl=1 624w, https:\/\/i0.wp.com\/www.tabicelsa.com\/wp-content\/uploads\/2021\/07\/a74e363c-1093-4476-b1da-bcfda5515f24.jpg?w=1600&amp;ssl=1 1600w, https:\/\/i0.wp.com\/www.tabicelsa.com\/wp-content\/uploads\/2021\/07\/a74e363c-1093-4476-b1da-bcfda5515f24.jpg?w=1250 1250w\" sizes=\"(max-width: 625px) 100vw, 625px\" data-recalc-dims=\"1\" \/><\/a><\/figure>\n\n\n\n<p><\/p>\n\n\n\n<figure class=\"wp-block-gallery has-nested-images columns-default is-cropped wp-block-gallery-2 is-layout-flex wp-block-gallery-is-layout-flex\">\n<figure class=\"wp-block-image size-large\"><a href=\"https:\/\/i0.wp.com\/www.tabicelsa.com\/wp-content\/uploads\/2021\/10\/cd5c2413-b8cd-4bfa-82cf-18cb7f7e0a1f.jpg?ssl=1\"><img loading=\"lazy\" decoding=\"async\" width=\"625\" height=\"469\" data-id=\"823\" src=\"https:\/\/i0.wp.com\/www.tabicelsa.com\/wp-content\/uploads\/2021\/10\/cd5c2413-b8cd-4bfa-82cf-18cb7f7e0a1f-1024x768.jpg?resize=625%2C469&#038;ssl=1\" alt=\"\" class=\"wp-image-823\" srcset=\"https:\/\/i0.wp.com\/www.tabicelsa.com\/wp-content\/uploads\/2021\/10\/cd5c2413-b8cd-4bfa-82cf-18cb7f7e0a1f.jpg?resize=1024%2C768&amp;ssl=1 1024w, https:\/\/i0.wp.com\/www.tabicelsa.com\/wp-content\/uploads\/2021\/10\/cd5c2413-b8cd-4bfa-82cf-18cb7f7e0a1f.jpg?resize=300%2C225&amp;ssl=1 300w, https:\/\/i0.wp.com\/www.tabicelsa.com\/wp-content\/uploads\/2021\/10\/cd5c2413-b8cd-4bfa-82cf-18cb7f7e0a1f.jpg?resize=768%2C576&amp;ssl=1 768w, https:\/\/i0.wp.com\/www.tabicelsa.com\/wp-content\/uploads\/2021\/10\/cd5c2413-b8cd-4bfa-82cf-18cb7f7e0a1f.jpg?resize=1536%2C1152&amp;ssl=1 1536w, https:\/\/i0.wp.com\/www.tabicelsa.com\/wp-content\/uploads\/2021\/10\/cd5c2413-b8cd-4bfa-82cf-18cb7f7e0a1f.jpg?resize=624%2C468&amp;ssl=1 624w, https:\/\/i0.wp.com\/www.tabicelsa.com\/wp-content\/uploads\/2021\/10\/cd5c2413-b8cd-4bfa-82cf-18cb7f7e0a1f.jpg?w=2048&amp;ssl=1 2048w, https:\/\/i0.wp.com\/www.tabicelsa.com\/wp-content\/uploads\/2021\/10\/cd5c2413-b8cd-4bfa-82cf-18cb7f7e0a1f.jpg?w=1250 1250w, https:\/\/i0.wp.com\/www.tabicelsa.com\/wp-content\/uploads\/2021\/10\/cd5c2413-b8cd-4bfa-82cf-18cb7f7e0a1f.jpg?w=1875 1875w\" sizes=\"(max-width: 625px) 100vw, 625px\" data-recalc-dims=\"1\" \/><\/a><\/figure>\n\n\n\n<figure class=\"wp-block-image size-large\"><a href=\"https:\/\/i0.wp.com\/www.tabicelsa.com\/wp-content\/uploads\/2021\/10\/1fbd8820-e805-47d6-bbea-cd6185ff1219.jpg?ssl=1\"><img loading=\"lazy\" decoding=\"async\" width=\"625\" height=\"469\" data-id=\"824\" src=\"https:\/\/i0.wp.com\/www.tabicelsa.com\/wp-content\/uploads\/2021\/10\/1fbd8820-e805-47d6-bbea-cd6185ff1219-1024x768.jpg?resize=625%2C469&#038;ssl=1\" alt=\"\" class=\"wp-image-824\" srcset=\"https:\/\/i0.wp.com\/www.tabicelsa.com\/wp-content\/uploads\/2021\/10\/1fbd8820-e805-47d6-bbea-cd6185ff1219.jpg?resize=1024%2C768&amp;ssl=1 1024w, https:\/\/i0.wp.com\/www.tabicelsa.com\/wp-content\/uploads\/2021\/10\/1fbd8820-e805-47d6-bbea-cd6185ff1219.jpg?resize=300%2C225&amp;ssl=1 300w, https:\/\/i0.wp.com\/www.tabicelsa.com\/wp-content\/uploads\/2021\/10\/1fbd8820-e805-47d6-bbea-cd6185ff1219.jpg?resize=768%2C576&amp;ssl=1 768w, https:\/\/i0.wp.com\/www.tabicelsa.com\/wp-content\/uploads\/2021\/10\/1fbd8820-e805-47d6-bbea-cd6185ff1219.jpg?resize=1536%2C1152&amp;ssl=1 1536w, https:\/\/i0.wp.com\/www.tabicelsa.com\/wp-content\/uploads\/2021\/10\/1fbd8820-e805-47d6-bbea-cd6185ff1219.jpg?resize=624%2C468&amp;ssl=1 624w, https:\/\/i0.wp.com\/www.tabicelsa.com\/wp-content\/uploads\/2021\/10\/1fbd8820-e805-47d6-bbea-cd6185ff1219.jpg?w=2048&amp;ssl=1 2048w, https:\/\/i0.wp.com\/www.tabicelsa.com\/wp-content\/uploads\/2021\/10\/1fbd8820-e805-47d6-bbea-cd6185ff1219.jpg?w=1250 1250w, https:\/\/i0.wp.com\/www.tabicelsa.com\/wp-content\/uploads\/2021\/10\/1fbd8820-e805-47d6-bbea-cd6185ff1219.jpg?w=1875 1875w\" sizes=\"(max-width: 625px) 100vw, 625px\" data-recalc-dims=\"1\" \/><\/a><\/figure>\n<\/figure>\n\n\n\n<figure class=\"wp-block-image size-large is-resized\"><a href=\"https:\/\/i0.wp.com\/www.tabicelsa.com\/wp-content\/uploads\/2023\/03\/f8ec641f-484b-4873-95a1-375202c031f7-1.jpg\"><img loading=\"lazy\" decoding=\"async\" width=\"625\" height=\"471\" src=\"https:\/\/i0.wp.com\/www.tabicelsa.com\/wp-content\/uploads\/2023\/03\/f8ec641f-484b-4873-95a1-375202c031f7-1.jpg?resize=625%2C471\" alt=\"\" class=\"wp-image-1015\" style=\"width:647px;height:487px\" srcset=\"https:\/\/i0.wp.com\/www.tabicelsa.com\/wp-content\/uploads\/2023\/03\/f8ec641f-484b-4873-95a1-375202c031f7-1.jpg?resize=1024%2C771&amp;ssl=1 1024w, https:\/\/i0.wp.com\/www.tabicelsa.com\/wp-content\/uploads\/2023\/03\/f8ec641f-484b-4873-95a1-375202c031f7-1.jpg?resize=300%2C226&amp;ssl=1 300w, https:\/\/i0.wp.com\/www.tabicelsa.com\/wp-content\/uploads\/2023\/03\/f8ec641f-484b-4873-95a1-375202c031f7-1.jpg?resize=768%2C578&amp;ssl=1 768w, https:\/\/i0.wp.com\/www.tabicelsa.com\/wp-content\/uploads\/2023\/03\/f8ec641f-484b-4873-95a1-375202c031f7-1.jpg?resize=1536%2C1156&amp;ssl=1 1536w, https:\/\/i0.wp.com\/www.tabicelsa.com\/wp-content\/uploads\/2023\/03\/f8ec641f-484b-4873-95a1-375202c031f7-1.jpg?resize=624%2C470&amp;ssl=1 624w, https:\/\/i0.wp.com\/www.tabicelsa.com\/wp-content\/uploads\/2023\/03\/f8ec641f-484b-4873-95a1-375202c031f7-1.jpg?w=1600&amp;ssl=1 1600w, https:\/\/i0.wp.com\/www.tabicelsa.com\/wp-content\/uploads\/2023\/03\/f8ec641f-484b-4873-95a1-375202c031f7-1.jpg?w=1250 1250w\" sizes=\"(max-width: 625px) 100vw, 625px\" data-recalc-dims=\"1\" \/><\/a><\/figure>\n\n\n\n<figure class=\"wp-block-image size-large is-resized\"><a href=\"https:\/\/i0.wp.com\/www.tabicelsa.com\/wp-content\/uploads\/2023\/03\/d847960d-2374-4941-8a14-ad13bd7c33e2.jpg\"><img loading=\"lazy\" decoding=\"async\" width=\"625\" height=\"469\" src=\"https:\/\/i0.wp.com\/www.tabicelsa.com\/wp-content\/uploads\/2023\/03\/d847960d-2374-4941-8a14-ad13bd7c33e2.jpg?resize=625%2C469\" alt=\"\" class=\"wp-image-1016\" style=\"width:643px;height:483px\" srcset=\"https:\/\/i0.wp.com\/www.tabicelsa.com\/wp-content\/uploads\/2023\/03\/d847960d-2374-4941-8a14-ad13bd7c33e2.jpg?resize=1024%2C768&amp;ssl=1 1024w, https:\/\/i0.wp.com\/www.tabicelsa.com\/wp-content\/uploads\/2023\/03\/d847960d-2374-4941-8a14-ad13bd7c33e2.jpg?resize=300%2C225&amp;ssl=1 300w, https:\/\/i0.wp.com\/www.tabicelsa.com\/wp-content\/uploads\/2023\/03\/d847960d-2374-4941-8a14-ad13bd7c33e2.jpg?resize=768%2C576&amp;ssl=1 768w, https:\/\/i0.wp.com\/www.tabicelsa.com\/wp-content\/uploads\/2023\/03\/d847960d-2374-4941-8a14-ad13bd7c33e2.jpg?resize=1536%2C1152&amp;ssl=1 1536w, https:\/\/i0.wp.com\/www.tabicelsa.com\/wp-content\/uploads\/2023\/03\/d847960d-2374-4941-8a14-ad13bd7c33e2.jpg?resize=624%2C468&amp;ssl=1 624w, https:\/\/i0.wp.com\/www.tabicelsa.com\/wp-content\/uploads\/2023\/03\/d847960d-2374-4941-8a14-ad13bd7c33e2.jpg?w=2048&amp;ssl=1 2048w, https:\/\/i0.wp.com\/www.tabicelsa.com\/wp-content\/uploads\/2023\/03\/d847960d-2374-4941-8a14-ad13bd7c33e2.jpg?w=1250 1250w, https:\/\/i0.wp.com\/www.tabicelsa.com\/wp-content\/uploads\/2023\/03\/d847960d-2374-4941-8a14-ad13bd7c33e2.jpg?w=1875 1875w\" sizes=\"(max-width: 625px) 100vw, 625px\" data-recalc-dims=\"1\" \/><\/a><\/figure>\n","protected":false},"excerpt":{"rendered":"<p>AISLAMIENTOS &nbsp;&nbsp;&nbsp;&nbsp;&nbsp;TABICELSA completa sus \u00e1reas de actuaci\u00f3n, con el suministro y colocaci\u00f3n de aislamientos en tabiques de doble hoja y Sistema Ecosec Fachadas. &nbsp;Empresa Instaladora Homologada Sistema ECOSEC&nbsp;Fachadas<\/p>\n","protected":false},"author":1,"featured_media":0,"parent":38,"menu_order":3,"comment_status":"closed","ping_status":"closed","template":"","meta":{"footnotes":""},"jetpack_sharing_enabled":true,"jetpack_shortlink":"https:\/\/wp.me\/P6nIwr-1k","_links":{"self":[{"href":"https:\/\/www.tabicelsa.com\/index.php?rest_route=\/wp\/v2\/pages\/82"}],"collection":[{"href":"https:\/\/www.tabicelsa.com\/index.php?rest_route=\/wp\/v2\/pages"}],"about":[{"href":"https:\/\/www.tabicelsa.com\/index.php?rest_route=\/wp\/v2\/types\/page"}],"author":[{"embeddable":true,"href":"https:\/\/www.tabicelsa.com\/index.php?rest_route=\/wp\/v2\/users\/1"}],"replies":[{"embeddable":true,"href":"https:\/\/www.tabicelsa.com\/index.php?rest_route=%2Fwp%2Fv2%2Fcomments&post=82"}],"version-history":[{"count":20,"href":"https:\/\/www.tabicelsa.com\/index.php?rest_route=\/wp\/v2\/pages\/82\/revisions"}],"predecessor-version":[{"id":1220,"href":"https:\/\/www.tabicelsa.com\/index.php?rest_route=\/wp\/v2\/pages\/82\/revisions\/1220"}],"up":[{"embeddable":true,"href":"https:\/\/www.tabicelsa.com\/index.php?rest_route=\/wp\/v2\/pages\/38"}],"wp:attachment":[{"href":"https:\/\/www.tabicelsa.com\/index.php?rest_route=%2Fwp%2Fv2%2Fmedia&parent=82"}],"curies":[{"name":"wp","href":"https:\/\/api.w.org\/{rel}","templated":true}]}}